{"id":2157,"date":"2022-11-28T05:13:22","date_gmt":"2022-11-28T05:13:22","guid":{"rendered":"https:\/\/sapharos.com\/blog\/"},"modified":"2022-12-07T17:07:08","modified_gmt":"2022-12-07T17:07:08","slug":"blog","status":"publish","type":"page","link":"https:\/\/sapharos.com\/pt-br\/blog\/","title":{"rendered":"Blog"},"content":{"rendered":"\t\t<div data-elementor-type=\"wp-page\" data-elementor-id=\"2157\" class=\"elementor elementor-2157 elementor-1407\">\n\t\t\t\t\t\t\t<div class=\"elementor-element elementor-element-c162f16 e-con-boxed e-flex e-con\" data-id=\"c162f16\" data-element_type=\"container\" data-settings=\"{&quot;background_background&quot;:&quot;classic&quot;,&quot;content_width&quot;:&quot;boxed&quot;}\">\n\t\t\t\t\t<div class=\"e-con-inner\">\n\t\t\t\t<div class=\"elementor-element elementor-element-f6d26bc elementor-widget__width-initial exad-sticky-section-no exad-glass-effect-no elementor-widget elementor-widget-hub_fancy_heading\" data-id=\"f6d26bc\" data-element_type=\"widget\" data-widget_type=\"hub_fancy_heading.default\">\n\t\t\t\t<div class=\"elementor-widget-container\">\n\t\t\t\n\t\t<div id=\"ld-fancy-heading-69d0526211c73\" class=\"ld-fancy-heading pos-rel\">\n\t\t\t<h3 class=\"ld-fh-element d-inline-block pos-rel  elementor-heading-title lqd-highlight-classic lqd-highlight-grow-left h3\"  > Blog<\/h3>\t\t<\/div>\n\n\t\t\t\t<\/div>\n\t\t\t\t<\/div>\n\t\t\t\t<div class=\"elementor-element elementor-element-ca01121 elementor-widget__width-initial exad-sticky-section-no exad-glass-effect-no elementor-widget elementor-widget-ld_breadcrumb\" data-id=\"ca01121\" data-element_type=\"widget\" data-widget_type=\"ld_breadcrumb.default\">\n\t\t\t\t<div class=\"elementor-widget-container\">\n\t\t\t<div class=\"lqd-breadcrumb-wrapper\"><nav role=\"navigation\" aria-label=\"Breadcrumbs\" class=\"breadcrumbs\"><ol class=\"breadcrumb reset-ul inline-nav inline-ul comma-sep-li\"><li class=\"breadcrumb-item active\"><a href=\"https:\/\/sapharos.com\/pt-br\/\" rel=\"home\"><span>Home<\/span><\/a><\/li><\/ol><\/nav><\/div>\t\t<\/div>\n\t\t\t\t<\/div>\n\t\t\t\t\t<\/div>\n\t\t\t\t<\/div>\n\t\t<div class=\"elementor-element elementor-element-fb791fc e-con-boxed e-flex e-con\" data-id=\"fb791fc\" data-element_type=\"container\" data-settings=\"{&quot;background_background&quot;:&quot;classic&quot;,&quot;content_width&quot;:&quot;boxed&quot;}\">\n\t\t\t\t\t<div class=\"e-con-inner\">\n\t\t<div class=\"elementor-element elementor-element-b380db3 e-con-boxed e-flex e-con\" data-id=\"b380db3\" data-element_type=\"container\" data-settings=\"{&quot;background_background&quot;:&quot;classic&quot;,&quot;content_width&quot;:&quot;boxed&quot;}\">\n\t\t\t\t\t<div class=\"e-con-inner\">\n\t\t\t\t<div class=\"elementor-element elementor-element-104098e elementor-widget__width-initial exad-sticky-section-no exad-glass-effect-no elementor-widget elementor-widget-ld_blog\" data-id=\"104098e\" data-element_type=\"widget\" id=\"post_blogs\" data-widget_type=\"ld_blog.default\">\n\t\t\t\t<div class=\"elementor-widget-container\">\n\t\t\t<div class=\"lqd-lp-grid 104098e blog-id-17041806 \"><div class=\"lqd-lp-row row pos-rel d-flex flex-wrap\" ><div class=\"lqd-lp-column d-flex flex-column col-md-4 col-sm-6 nao-categorizado\"><article id=\"post-7424\" class=\"lqd-lp pos-rel lqd-lp lqd-lp-style-16 text-start post-7424 post type-post status-publish format-standard hentry category-nao-categorizado\">\n\n<div class=\"lqd-lp-img border-radius-4 overflow-hidden pos-rel mb-5\">\n\t<\/div>\n\n<header class=\"lqd-lp-header mb-3\">\n\t<h2 class=\"entry-title lqd-lp-title h5 m-0\"><a  href=\"https:\/\/sapharos.com\/pt-br\/melhorando-a-cultura-organizacional-com-sapharos-uma-abordagem-eficaz\/\" rel=\"bookmark\">Melhorando a Cultura Organizacional com Sapharos: Uma Abordagem Eficaz<\/a><\/h2><\/header>\n\n\t\t\t<div class=\"lqd-lp-excerpt mb-3\">\n\t\t\t\tNo competitivo mundo empresarial atual, a cultura organizacional desempenha umpapel fundamental no sucesso de uma empresa. Com a Saph\u00e1ros, l\u00edder\t\t\t<\/div>\n\t\t\n<footer class=\"lqd-lp-footer pos-rel z-index-2 pt-1\">\n\t<a href=\"https:\/\/sapharos.com\/pt-br\/melhorando-a-cultura-organizacional-com-sapharos-uma-abordagem-eficaz\/\" class=\"btn btn-naked text-uppercase ltr-sp-1 size-sm font-weight-bold lqd-lp-read-more\">\n\t\t<span class=\"btn-line btn-line-before d-inline-block pos-rel\"><\/span>\n\t\t<span class=\"btn-txt d-inline-block\">Continue Reading<\/span>\n\t\t<span class=\"btn-line btn-line-after d-inline-block pos-rel\">\n\t\t\t<svg class=\"d-inline-block pos-abs\" xmlns=\"http:\/\/www.w3.org\/2000\/svg\" width=\"12\" height=\"32\" viewBox=\"0 0 12 32\" style=\"height: 2em;\"><path fill=\"currentColor\" d=\"M8.375 16L.437 8.062C-.125 7.5-.125 6.5.438 5.938s1.563-.563 2.126 0l9 9c.562.562.624 1.5.062 2.062l-9.063 9.063c-.312.312-.687.437-1.062.437s-.75-.125-1.063-.438c-.562-.562-.562-1.562 0-2.125z\"><\/path><\/svg>\n\t\t<\/span>\n\t<\/a>\n<\/footer>\n\n<a  href=\"https:\/\/sapharos.com\/pt-br\/melhorando-a-cultura-organizacional-com-sapharos-uma-abordagem-eficaz\/\" class=\"lqd-lp-overlay-link lqd-overlay z-index-2\"><\/a>\n<\/article><\/div><div class=\"lqd-lp-column d-flex flex-column col-md-4 col-sm-6 nao-categorizado\"><article id=\"post-5038\" class=\"lqd-lp pos-rel lqd-lp lqd-lp-style-16 text-start post-5038 post type-post status-publish format-standard has-post-thumbnail hentry category-nao-categorizado\">\n\n<div class=\"lqd-lp-img border-radius-4 overflow-hidden pos-rel mb-5\">\n\t<figure class=\"pos-rel bg-cover bg-center w-100\"><img width=\"720\" height=\"400\" src=\"https:\/\/sapharos.com\/wp-content\/uploads\/2023\/02\/Ventajas-y-desventajas-de-los-equipos-virtuales-720x400.png\" class=\"w-100 wp-post-image\" alt=\"\" decoding=\"async\" itemprop=\"image\" \/><\/figure><\/div>\n\n<header class=\"lqd-lp-header mb-3\">\n\t<h2 class=\"entry-title lqd-lp-title h5 m-0\"><a  href=\"https:\/\/sapharos.com\/pt-br\/vantagens-e-desvantagens-das-equipes-virtuais\/\" rel=\"bookmark\">VANTAGENS E DESVANTAGENS DAS EQUIPES VIRTUAIS<\/a><\/h2><\/header>\n\n\t\t\t<div class=\"lqd-lp-excerpt mb-3\">\n\t\t\t\tH\u00e1 v\u00e1rios argumentos de pesquisa sobre este t\u00f3pico, e podemos dizer que n\u00e3o h\u00e1 consenso para definir precisamente os pr\u00f3s\t\t\t<\/div>\n\t\t\n<footer class=\"lqd-lp-footer pos-rel z-index-2 pt-1\">\n\t<a href=\"https:\/\/sapharos.com\/pt-br\/vantagens-e-desvantagens-das-equipes-virtuais\/\" class=\"btn btn-naked text-uppercase ltr-sp-1 size-sm font-weight-bold lqd-lp-read-more\">\n\t\t<span class=\"btn-line btn-line-before d-inline-block pos-rel\"><\/span>\n\t\t<span class=\"btn-txt d-inline-block\">Continue Reading<\/span>\n\t\t<span class=\"btn-line btn-line-after d-inline-block pos-rel\">\n\t\t\t<svg class=\"d-inline-block pos-abs\" xmlns=\"http:\/\/www.w3.org\/2000\/svg\" width=\"12\" height=\"32\" viewBox=\"0 0 12 32\" style=\"height: 2em;\"><path fill=\"currentColor\" d=\"M8.375 16L.437 8.062C-.125 7.5-.125 6.5.438 5.938s1.563-.563 2.126 0l9 9c.562.562.624 1.5.062 2.062l-9.063 9.063c-.312.312-.687.437-1.062.437s-.75-.125-1.063-.438c-.562-.562-.562-1.562 0-2.125z\"><\/path><\/svg>\n\t\t<\/span>\n\t<\/a>\n<\/footer>\n\n<a  href=\"https:\/\/sapharos.com\/pt-br\/vantagens-e-desvantagens-das-equipes-virtuais\/\" class=\"lqd-lp-overlay-link lqd-overlay z-index-2\"><\/a>\n<\/article><\/div><div class=\"lqd-lp-column d-flex flex-column col-md-4 col-sm-6 nao-categorizado\"><article id=\"post-5042\" class=\"lqd-lp pos-rel lqd-lp lqd-lp-style-16 text-start post-5042 post type-post status-publish format-standard has-post-thumbnail hentry category-nao-categorizado\">\n\n<div class=\"lqd-lp-img border-radius-4 overflow-hidden pos-rel mb-5\">\n\t<figure class=\"pos-rel bg-cover bg-center w-100\"><img width=\"720\" height=\"400\" src=\"data:image\/svg+xml;charset=utf-8,%3Csvg xmlns%3D&#039;http%3A%2F%2Fwww.w3.org%2F2000%2Fsvg&#039; viewBox%3D&#039;0 0 720 400&#039;%2F%3E\" class=\"w-100 ld-lazyload wp-post-image\" alt=\"\" decoding=\"async\" itemprop=\"image\" data-src=\"https:\/\/sapharos.com\/wp-content\/uploads\/2023\/02\/Trabajo-en-red-Marcela-1-720x400.jpeg\" data-aspect=\"1.8\" \/><\/figure><\/div>\n\n<header class=\"lqd-lp-header mb-3\">\n\t<h2 class=\"entry-title lqd-lp-title h5 m-0\"><a  href=\"https:\/\/sapharos.com\/pt-br\/ventajas-del-trabajo-en-red-en-las-organizaciones\/\" rel=\"bookmark\">VANTAGENS DO TRABALHO EM REDE NAS ORGANIZA\u00c7\u00d5ES<\/a><\/h2><\/header>\n\n\t\t\t<div class=\"lqd-lp-excerpt mb-3\">\n\t\t\t\tEm qualquer organiza\u00e7\u00e3o, as redes de colabora\u00e7\u00e3o desempenham um papel decisivo na realiza\u00e7\u00e3o dos objetivos. Isto porque estas redes s\u00e3o\t\t\t<\/div>\n\t\t\n<footer class=\"lqd-lp-footer pos-rel z-index-2 pt-1\">\n\t<a href=\"https:\/\/sapharos.com\/pt-br\/ventajas-del-trabajo-en-red-en-las-organizaciones\/\" class=\"btn btn-naked text-uppercase ltr-sp-1 size-sm font-weight-bold lqd-lp-read-more\">\n\t\t<span class=\"btn-line btn-line-before d-inline-block pos-rel\"><\/span>\n\t\t<span class=\"btn-txt d-inline-block\">Continue Reading<\/span>\n\t\t<span class=\"btn-line btn-line-after d-inline-block pos-rel\">\n\t\t\t<svg class=\"d-inline-block pos-abs\" xmlns=\"http:\/\/www.w3.org\/2000\/svg\" width=\"12\" height=\"32\" viewBox=\"0 0 12 32\" style=\"height: 2em;\"><path fill=\"currentColor\" d=\"M8.375 16L.437 8.062C-.125 7.5-.125 6.5.438 5.938s1.563-.563 2.126 0l9 9c.562.562.624 1.5.062 2.062l-9.063 9.063c-.312.312-.687.437-1.062.437s-.75-.125-1.063-.438c-.562-.562-.562-1.562 0-2.125z\"><\/path><\/svg>\n\t\t<\/span>\n\t<\/a>\n<\/footer>\n\n<a  href=\"https:\/\/sapharos.com\/pt-br\/ventajas-del-trabajo-en-red-en-las-organizaciones\/\" class=\"lqd-lp-overlay-link lqd-overlay z-index-2\"><\/a>\n<\/article><\/div><\/div><!--\/ .row --><\/div><!--\/ .lqd-lp-grid -->\t\t<\/div>\n\t\t\t\t<\/div>\n\t\t\t\t\t<\/div>\n\t\t\t\t<\/div>\n\t\t\t\t\t<\/div>\n\t\t\t\t<\/div>\n\t\t\t\t\t\t\t<\/div>\n\t\t","protected":false},"excerpt":{"rendered":"<p>Blog Home Aqu\u00ed t\u00edtulo principal del blog 2022 \/ Saph\u00e1ros Lorem ipsum dolor sit amet, consetetur sadipscing elitr, sed diam<\/p>\n","protected":false},"author":3,"featured_media":0,"parent":0,"menu_order":0,"comment_status":"closed","ping_status":"closed","template":"","meta":{"_seopress_robots_primary_cat":""},"_links":{"self":[{"href":"https:\/\/sapharos.com\/pt-br\/wp-json\/wp\/v2\/pages\/2157"}],"collection":[{"href":"https:\/\/sapharos.com\/pt-br\/wp-json\/wp\/v2\/pages"}],"about":[{"href":"https:\/\/sapharos.com\/pt-br\/wp-json\/wp\/v2\/types\/page"}],"author":[{"embeddable":true,"href":"https:\/\/sapharos.com\/pt-br\/wp-json\/wp\/v2\/users\/3"}],"replies":[{"embeddable":true,"href":"https:\/\/sapharos.com\/pt-br\/wp-json\/wp\/v2\/comments?post=2157"}],"version-history":[{"count":7,"href":"https:\/\/sapharos.com\/pt-br\/wp-json\/wp\/v2\/pages\/2157\/revisions"}],"predecessor-version":[{"id":3230,"href":"https:\/\/sapharos.com\/pt-br\/wp-json\/wp\/v2\/pages\/2157\/revisions\/3230"}],"wp:attachment":[{"href":"https:\/\/sapharos.com\/pt-br\/wp-json\/wp\/v2\/media?parent=2157"}],"curies":[{"name":"wp","href":"https:\/\/api.w.org\/{rel}","templated":true}]}}