{"id":6568,"date":"2023-03-28T14:24:45","date_gmt":"2023-03-28T14:24:45","guid":{"rendered":"https:\/\/sapharos.com\/politicas\/"},"modified":"2023-03-28T14:38:31","modified_gmt":"2023-03-28T14:38:31","slug":"politicas","status":"publish","type":"page","link":"https:\/\/sapharos.com\/pt-br\/politicas\/","title":{"rendered":"Politicas"},"content":{"rendered":"\t\t<div data-elementor-type=\"wp-page\" data-elementor-id=\"6568\" class=\"elementor elementor-6568 elementor-6548\">\n\t\t\t\t\t\t\t<div class=\"elementor-element elementor-element-1f1e2b4 e-con-boxed e-flex e-con\" data-id=\"1f1e2b4\" data-element_type=\"container\" data-settings=\"{&quot;background_background&quot;:&quot;classic&quot;,&quot;content_width&quot;:&quot;boxed&quot;}\">\n\t\t\t\t\t<div class=\"e-con-inner\">\n\t\t\t\t<div class=\"elementor-element elementor-element-898b9c4 exad-sticky-section-no exad-glass-effect-no elementor-widget elementor-widget-heading\" data-id=\"898b9c4\" data-element_type=\"widget\" data-widget_type=\"heading.default\">\n\t\t\t\t<div class=\"elementor-widget-container\">\n\t\t\t<style>\/*! elementor - v3.13.3 - 28-05-2023 *\/\n.elementor-heading-title{padding:0;margin:0;line-height:1}.elementor-widget-heading .elementor-heading-title[class*=elementor-size-]>a{color:inherit;font-size:inherit;line-height:inherit}.elementor-widget-heading .elementor-heading-title.elementor-size-small{font-size:15px}.elementor-widget-heading .elementor-heading-title.elementor-size-medium{font-size:19px}.elementor-widget-heading .elementor-heading-title.elementor-size-large{font-size:29px}.elementor-widget-heading .elementor-heading-title.elementor-size-xl{font-size:39px}.elementor-widget-heading .elementor-heading-title.elementor-size-xxl{font-size:59px}<\/style><h2 class=\"elementor-heading-title elementor-size-default\">Politicas<\/h2>\t\t<\/div>\n\t\t\t\t<\/div>\n\t\t\t\t<div class=\"elementor-element elementor-element-067b20a exad-sticky-section-no exad-glass-effect-no elementor-widget elementor-widget-ld_breadcrumb\" data-id=\"067b20a\" data-element_type=\"widget\" data-widget_type=\"ld_breadcrumb.default\">\n\t\t\t\t<div class=\"elementor-widget-container\">\n\t\t\t<div class=\"lqd-breadcrumb-wrapper\"><nav role=\"navigation\" aria-label=\"Breadcrumbs\" class=\"breadcrumbs\"><ol class=\"breadcrumb reset-ul inline-nav inline-ul comma-sep-li\"><li class=\"breadcrumb-item active\"><a href=\"https:\/\/sapharos.com\/pt-br\/\" rel=\"home\"><span>Home<\/span><\/a><\/li><\/ol><\/nav><\/div>\t\t<\/div>\n\t\t\t\t<\/div>\n\t\t\t\t\t<\/div>\n\t\t\t\t<\/div>\n\t\t<div class=\"elementor-element elementor-element-b8ebf8a e-con-boxed e-flex e-con\" data-id=\"b8ebf8a\" data-element_type=\"container\" data-settings=\"{&quot;content_width&quot;:&quot;boxed&quot;}\">\n\t\t\t\t\t<div class=\"e-con-inner\">\n\t\t<div class=\"elementor-element elementor-element-4642ff9 elementor-hidden-desktop elementor-hidden-tablet e-con-boxed e-flex e-con\" data-id=\"4642ff9\" data-element_type=\"container\" data-settings=\"{&quot;content_width&quot;:&quot;boxed&quot;}\">\n\t\t\t\t\t<div class=\"e-con-inner\">\n\t\t\t\t<div class=\"elementor-element elementor-element-b0b8da3 exad-sticky-section-no exad-glass-effect-no elementor-widget elementor-widget-heading\" data-id=\"b0b8da3\" data-element_type=\"widget\" data-widget_type=\"heading.default\">\n\t\t\t\t<div class=\"elementor-widget-container\">\n\t\t\t<h2 class=\"elementor-heading-title elementor-size-default\">Saph\u00e1ros<\/h2>\t\t<\/div>\n\t\t\t\t<\/div>\n\t\t\t\t<div class=\"elementor-element elementor-element-dc4f553 elementor-widget__width-initial exad-sticky-section-no exad-glass-effect-no elementor-widget elementor-widget-heading\" data-id=\"dc4f553\" data-element_type=\"widget\" data-widget_type=\"heading.default\">\n\t\t\t\t<div class=\"elementor-widget-container\">\n\t\t\t<h2 class=\"elementor-heading-title elementor-size-default\">Somos uma plataforma tecnol\u00f3gica para medir o desenvolvimento do talento humano.<\/h2>\t\t<\/div>\n\t\t\t\t<\/div>\n\t\t\t\t\t<\/div>\n\t\t\t\t<\/div>\n\t\t<div class=\"elementor-element elementor-element-81faea8 elementor-hidden-desktop e-con-boxed e-flex e-con\" data-id=\"81faea8\" data-element_type=\"container\" data-settings=\"{&quot;content_width&quot;:&quot;boxed&quot;}\">\n\t\t\t\t\t<div class=\"e-con-inner\">\n\t\t\t\t<div class=\"elementor-element elementor-element-c4d17b9 exad-sticky-section-no exad-glass-effect-no elementor-widget elementor-widget-image\" data-id=\"c4d17b9\" data-element_type=\"widget\" id=\"mb_image_1\" data-widget_type=\"image.default\">\n\t\t\t\t<div class=\"elementor-widget-container\">\n\t\t\t<style>\/*! elementor - v3.13.3 - 28-05-2023 *\/\n.elementor-widget-image{text-align:center}.elementor-widget-image a{display:inline-block}.elementor-widget-image a img[src$=\".svg\"]{width:48px}.elementor-widget-image img{vertical-align:middle;display:inline-block}<\/style>\t\t\t\t\t\t\t\t\t\t\t\t<img decoding=\"async\" width=\"410\" height=\"477\" src=\"https:\/\/sapharos.com\/wp-content\/uploads\/2022\/12\/Grupo-26096.png\" class=\"attachment-large size-large wp-image-3706\" alt=\"\" srcset=\"https:\/\/sapharos.com\/wp-content\/uploads\/2022\/12\/Grupo-26096.png 410w, https:\/\/sapharos.com\/wp-content\/uploads\/2022\/12\/Grupo-26096-258x300.png 258w\" sizes=\"(max-width: 410px) 100vw, 410px\" \/>\t\t\t\t\t\t\t\t\t\t\t\t\t\t\t<\/div>\n\t\t\t\t<\/div>\n\t\t\t\t<div class=\"elementor-element elementor-element-d568f37 exad-sticky-section-no exad-glass-effect-no elementor-widget elementor-widget-image\" data-id=\"d568f37\" data-element_type=\"widget\" id=\"mb_image_2\" data-widget_type=\"image.default\">\n\t\t\t\t<div class=\"elementor-widget-container\">\n\t\t\t\t\t\t\t\t\t\t\t\t\t\t\t<img decoding=\"async\" width=\"410\" height=\"477\" src=\"data:image\/svg+xml;charset=utf-8,%3Csvg xmlns%3D&#039;http%3A%2F%2Fwww.w3.org%2F2000%2Fsvg&#039; viewBox%3D&#039;0 0 410 477&#039;%2F%3E\" class=\"attachment-large size-large wp-image-3703 ld-lazyload\" alt=\"\" data-src=\"https:\/\/sapharos.com\/wp-content\/uploads\/2022\/12\/Grupo-26097.png\" data-srcset=\"https:\/\/sapharos.com\/wp-content\/uploads\/2022\/12\/Grupo-26097.png 410w, https:\/\/sapharos.com\/wp-content\/uploads\/2022\/12\/Grupo-26097-258x300.png 258w\" data-sizes=\"(max-width: 410px) 100vw, 410px\" data-aspect=\"0.85953878406709\" \/>\t\t\t\t\t\t\t\t\t\t\t\t\t\t\t<\/div>\n\t\t\t\t<\/div>\n\t\t\t\t\t<\/div>\n\t\t\t\t<\/div>\n\t\t<div class=\"elementor-element elementor-element-ebd5f76 e-con-full e-flex e-con\" data-id=\"ebd5f76\" data-element_type=\"container\" data-settings=\"{&quot;content_width&quot;:&quot;full&quot;}\">\n\t\t\t\t<div class=\"elementor-element elementor-element-93cd44b elementor-widget__width-initial elementor-hidden-mobile exad-sticky-section-no exad-glass-effect-no elementor-widget elementor-widget-heading\" data-id=\"93cd44b\" data-element_type=\"widget\" data-widget_type=\"heading.default\">\n\t\t\t\t<div class=\"elementor-widget-container\">\n\t\t\t<h2 class=\"elementor-heading-title elementor-size-default\">Politicas<\/h2>\t\t<\/div>\n\t\t\t\t<\/div>\n\t\t\t\t<div class=\"elementor-element elementor-element-f1ddd68 elementor-widget__width-initial exad-sticky-section-no exad-glass-effect-no elementor-widget elementor-widget-heading\" data-id=\"f1ddd68\" data-element_type=\"widget\" data-widget_type=\"heading.default\">\n\t\t\t\t<div class=\"elementor-widget-container\">\n\t\t\t<p class=\"elementor-heading-title elementor-size-default\">Lorem Ipsum \u00e9 o texto de preenchimento de impressos e arquivos de texto. Lorem Ipsum tem sido o texto de enchimento padr\u00e3o das ind\u00fastrias desde os anos 1500, quando uma gr\u00e1fica desconhecida utilizou uma galeria de textos e os misturou de tal forma que conseguiu fazer um esp\u00e9cime de livro-texto. N\u00e3o s\u00f3 sobreviveu 500 anos, como tamb\u00e9m entrou como texto de preenchimento em documentos electr\u00f3nicos, permanecendo essencialmente o mesmo que o original. Fue popularizado en los 60s con la creaci\u00f3n de las hojas \"Letraset\", las cuales contenian pasajes de Lorem Ipsum, y m\u00e1s recientemente con software de autoedici\u00f3n, como por ejemplo Aldus PageMaker, el cual incluye versiones de Lorem Ipsum.<\/p>\t\t<\/div>\n\t\t\t\t<\/div>\n\t\t\t\t<\/div>\n\t\t\t\t\t<\/div>\n\t\t\t\t<\/div>\n\t\t\t\t\t\t\t<\/div>\n\t\t","protected":false},"excerpt":{"rendered":"<p>Politicas Home Saph\u00e1ros Somos uma plataforma tecnol\u00f3gica para medir o desenvolvimento do talento humano. Politicas Lorem Ipsum \u00e9 o texto de preenchimento de impressos e arquivos de texto. Lorem Ipsum tem sido o texto de enchimento padr\u00e3o das ind\u00fastrias desde os anos 1500, quando uma gr\u00e1fica desconhecida utilizou uma galeria de textos e os misturou [&hellip;]<\/p>\n","protected":false},"author":3,"featured_media":0,"parent":0,"menu_order":0,"comment_status":"closed","ping_status":"closed","template":"","meta":{"_seopress_robots_primary_cat":""},"_links":{"self":[{"href":"https:\/\/sapharos.com\/pt-br\/wp-json\/wp\/v2\/pages\/6568"}],"collection":[{"href":"https:\/\/sapharos.com\/pt-br\/wp-json\/wp\/v2\/pages"}],"about":[{"href":"https:\/\/sapharos.com\/pt-br\/wp-json\/wp\/v2\/types\/page"}],"author":[{"embeddable":true,"href":"https:\/\/sapharos.com\/pt-br\/wp-json\/wp\/v2\/users\/3"}],"replies":[{"embeddable":true,"href":"https:\/\/sapharos.com\/pt-br\/wp-json\/wp\/v2\/comments?post=6568"}],"version-history":[{"count":1,"href":"https:\/\/sapharos.com\/pt-br\/wp-json\/wp\/v2\/pages\/6568\/revisions"}],"predecessor-version":[{"id":6569,"href":"https:\/\/sapharos.com\/pt-br\/wp-json\/wp\/v2\/pages\/6568\/revisions\/6569"}],"wp:attachment":[{"href":"https:\/\/sapharos.com\/pt-br\/wp-json\/wp\/v2\/media?parent=6568"}],"curies":[{"name":"wp","href":"https:\/\/api.w.org\/{rel}","templated":true}]}}